{"id":957,"date":"2024-04-29T16:10:39","date_gmt":"2024-04-29T14:10:39","guid":{"rendered":"https:\/\/www1.vetpoint.ch\/mentions-legales\/"},"modified":"2026-01-15T17:03:49","modified_gmt":"2026-01-15T15:03:49","slug":"mentions-legales","status":"publish","type":"page","link":"https:\/\/www1.vetpoint.ch\/fr\/mentions-legales\/","title":{"rendered":"Mentions l\u00e9gales"},"content":{"rendered":"\n<figure class=\"wp-block-table\"><table><tbody><tr><td>Soci\u00e9t\u00e9<\/td><td>Vetpoint AG<br\/>Bogenstrasse 7<br\/>CH-9000 St. Gallen<\/td><\/tr><tr><td>T\u00e9l\u00e9phone<\/td><td>+41 848 22 44 22 (Fixnet : -.08 par min \/ Mobile : jusqu&rsquo;\u00e0 0.80 par min)<\/td><\/tr><tr><td>Fax<\/td><td>+41 71 571 48 79<\/td><\/tr><tr><td>E-mail<\/td><td>admin[at]vetpoint.ch<\/td><\/tr><tr><td>Pays<\/td><td>Suisse<\/td><\/tr><tr><td>N\u00b0 de TVA<\/td><td>CHE-113.613.508 TVA<\/td><\/tr><tr><td>N\u00b0 de TVA<\/td><td>CH-020.3.030.975-0<\/td><\/tr><\/tbody><\/table><\/figure>\n\n<h2 class=\"wp-block-heading\">R\u00e9daction<\/h2>\n\n<p>Vetpoint AG<\/p>\n\n<h2 class=\"wp-block-heading\">Conception \/ programmation<\/h2>\n\n<p>nowhow solutions ag, Berne &#8211; <a href=\"https:\/\/www.nowhow.ch\" data-type=\"link\" data-id=\"https:\/\/www.nowhow.ch\">www.nowhow.ch<\/a><\/p>\n\n<h2 class=\"wp-block-heading\">Webmaster<\/h2>\n\n<p>Vetpoint AG<\/p>\n\n<h2 class=\"wp-block-heading\">Note<\/h2>\n\n<p><a href=\"https:\/\/www1.vetpoint.ch\/fr\/conditions-generales-de-vente\/\" data-type=\"page\" data-id=\"2210\">Conditions g\u00e9n\u00e9rales de vente<\/a><\/p>\n\n<p>Pour les produits mentionn\u00e9s, veuillez lire l&rsquo;information professionnelle compl\u00e8te sur <a href=\"https:\/\/www.tierarzneimittel.ch\" data-type=\"link\" data-id=\"https:\/\/www.tierarzneimittel.ch\">www.tierarzneimittel.ch<\/a> avant de les prescrire.<\/p>\n\n<p><\/p>\n","protected":false},"excerpt":{"rendered":"<p>Soci\u00e9t\u00e9 Vetpoint AGBogenstrasse 7CH-9000 St. Gallen T\u00e9l\u00e9phone +41 848 22 44 22 (Fixnet : -.08 par min \/ Mobile : jusqu&rsquo;\u00e0 0.80 par min) Fax +41 71 571 48 79 E-mail admin[at]vetpoint.ch Pays Suisse N\u00b0 de TVA CHE-113.613.508 TVA N\u00b0 de TVA CH-020.3.030.975-0 R\u00e9daction Vetpoint AG Conception \/ programmation nowhow solutions ag, Berne &#8211; www.nowhow.ch [&hellip;]<\/p>\n","protected":false},"author":1,"featured_media":0,"parent":0,"menu_order":0,"comment_status":"closed","ping_status":"closed","template":"","meta":{"footnotes":""},"class_list":["post-957","page","type-page","status-publish","hentry"],"publishpress_future_action":{"enabled":false,"date":"2026-04-23 04:23:36","action":"change-status","newStatus":"draft","terms":[],"taxonomy":"translation_priority","extraData":[]},"publishpress_future_workflow_manual_trigger":{"enabledWorkflows":[]},"_links":{"self":[{"href":"https:\/\/www1.vetpoint.ch\/fr\/wp-json\/wp\/v2\/pages\/957","targetHints":{"allow":["GET"]}}],"collection":[{"href":"https:\/\/www1.vetpoint.ch\/fr\/wp-json\/wp\/v2\/pages"}],"about":[{"href":"https:\/\/www1.vetpoint.ch\/fr\/wp-json\/wp\/v2\/types\/page"}],"author":[{"embeddable":true,"href":"https:\/\/www1.vetpoint.ch\/fr\/wp-json\/wp\/v2\/users\/1"}],"replies":[{"embeddable":true,"href":"https:\/\/www1.vetpoint.ch\/fr\/wp-json\/wp\/v2\/comments?post=957"}],"version-history":[{"count":11,"href":"https:\/\/www1.vetpoint.ch\/fr\/wp-json\/wp\/v2\/pages\/957\/revisions"}],"predecessor-version":[{"id":2236,"href":"https:\/\/www1.vetpoint.ch\/fr\/wp-json\/wp\/v2\/pages\/957\/revisions\/2236"}],"wp:attachment":[{"href":"https:\/\/www1.vetpoint.ch\/fr\/wp-json\/wp\/v2\/media?parent=957"}],"curies":[{"name":"wp","href":"https:\/\/api.w.org\/{rel}","templated":true}]}}