{"id":923,"date":"2024-04-29T15:00:34","date_gmt":"2024-04-29T13:00:34","guid":{"rendered":"https:\/\/www1.vetpoint.ch\/sinscrire\/"},"modified":"2024-05-17T12:05:16","modified_gmt":"2024-05-17T10:05:16","slug":"enregistrer","status":"publish","type":"page","link":"https:\/\/www1.vetpoint.ch\/fr\/enregistrer\/","title":{"rendered":"Enregistrer"},"content":{"rendered":"\n<h2 class=\"wp-block-heading\">Inscription<\/h2>\n\n\n\n<p>Veuillez vous inscrire directement <strong><a href=\"https:\/\/www.tvs-ogv.ch\/fr\/contact\/inscription\" target=\"_blank\" rel=\"noreferrer noopener\">ici<\/a><\/strong>. Si vous \u00eates d\u00e9j\u00e0 client OGV, veuillez mentionner le num\u00e9ro OGV dans les remarques. Merci beaucoup.<\/p>\n","protected":false},"excerpt":{"rendered":"<p>Inscription Veuillez vous inscrire directement ici. Si vous \u00eates d\u00e9j\u00e0 client OGV, veuillez mentionner le num\u00e9ro OGV dans les remarques. Merci beaucoup.<\/p>\n","protected":false},"author":1,"featured_media":0,"parent":0,"menu_order":0,"comment_status":"closed","ping_status":"closed","template":"","meta":{"footnotes":""},"class_list":["post-923","page","type-page","status-publish","hentry"],"publishpress_future_action":{"enabled":false,"date":"2026-04-23 04:23:11","action":"change-status","newStatus":"draft","terms":[],"taxonomy":"translation_priority","extraData":[]},"publishpress_future_workflow_manual_trigger":{"enabledWorkflows":[]},"_links":{"self":[{"href":"https:\/\/www1.vetpoint.ch\/fr\/wp-json\/wp\/v2\/pages\/923","targetHints":{"allow":["GET"]}}],"collection":[{"href":"https:\/\/www1.vetpoint.ch\/fr\/wp-json\/wp\/v2\/pages"}],"about":[{"href":"https:\/\/www1.vetpoint.ch\/fr\/wp-json\/wp\/v2\/types\/page"}],"author":[{"embeddable":true,"href":"https:\/\/www1.vetpoint.ch\/fr\/wp-json\/wp\/v2\/users\/1"}],"replies":[{"embeddable":true,"href":"https:\/\/www1.vetpoint.ch\/fr\/wp-json\/wp\/v2\/comments?post=923"}],"version-history":[{"count":18,"href":"https:\/\/www1.vetpoint.ch\/fr\/wp-json\/wp\/v2\/pages\/923\/revisions"}],"predecessor-version":[{"id":1030,"href":"https:\/\/www1.vetpoint.ch\/fr\/wp-json\/wp\/v2\/pages\/923\/revisions\/1030"}],"wp:attachment":[{"href":"https:\/\/www1.vetpoint.ch\/fr\/wp-json\/wp\/v2\/media?parent=923"}],"curies":[{"name":"wp","href":"https:\/\/api.w.org\/{rel}","templated":true}]}}