{"id":729,"date":"2024-04-21T13:38:51","date_gmt":"2024-04-21T11:38:51","guid":{"rendered":"https:\/\/www1.vetpoint.ch\/faq\/"},"modified":"2025-10-10T07:31:11","modified_gmt":"2025-10-10T05:31:11","slug":"faq","status":"publish","type":"page","link":"https:\/\/www1.vetpoint.ch\/fr\/faq\/","title":{"rendered":"FAQ"},"content":{"rendered":"\n<h2 class=\"wp-block-heading\">Foire aux questions (FAQ)<\/h2>\n\n<p>Comment fonctionne Vetpoint ? Quels sont les avantages de Vetpoint ? Comment s&rsquo;inscrire ? Vous trouverez ici la r\u00e9ponse \u00e0 ces questions et \u00e0 d&rsquo;autres concernant la nouvelle plate-forme de commande en ligne Vetpoint pour les v\u00e9t\u00e9rinaires.<\/p>\n\n<p>D&rsquo;autres questions ? Si vous n&rsquo;avez pas trouv\u00e9 de r\u00e9ponse \u00e0 votre question dans la liste ci-dessous, n&rsquo;h\u00e9sitez pas \u00e0 nous contacter et \u00e0 nous poser directement votre question par e-mail \u00e0 l&rsquo;adresse <a href=\"mailto:faq@vetpoint.ch\">faq@vetpoint.ch<\/a>.<\/p>\n<ul class=\"wp-block-latest-posts__list wp-block-latest-posts\"><li><a class=\"wp-block-latest-posts__post-title\" href=\"https:\/\/www1.vetpoint.ch\/fr\/2025\/04\/02\/tva-taxation-des-plateformes\/\">TVA taxation des plateformes<\/a><\/li>\n<li><a class=\"wp-block-latest-posts__post-title\" href=\"https:\/\/www1.vetpoint.ch\/fr\/2024\/01\/01\/que-signifient-les-differents-symboles-utilises-pour-les-produits\/\">Que signifient les diff\u00e9rents symboles utilis\u00e9s pour les produits ?<\/a><\/li>\n<\/ul><form role=\"search\" method=\"get\" action=\"https:\/\/www1.vetpoint.ch\/fr\/\" class=\"wp-block-search__button-outside wp-block-search__text-button wp-block-search\"    ><label class=\"wp-block-search__label\" for=\"wp-block-search__input-1\" >Rechercher<\/label><div class=\"wp-block-search__inside-wrapper\" ><input class=\"wp-block-search__input\" id=\"wp-block-search__input-1\" placeholder=\"\" value=\"\" type=\"search\" name=\"s\" required \/><button aria-label=\"Rechercher\" class=\"wp-block-search__button wp-element-button\" type=\"submit\" >Rechercher<\/button><\/div><\/form>","protected":false},"excerpt":{"rendered":"<p>Foire aux questions (FAQ) Comment fonctionne Vetpoint ? Quels sont les avantages de Vetpoint ? Comment s&rsquo;inscrire ? Vous trouverez ici la r\u00e9ponse \u00e0 ces questions et \u00e0 d&rsquo;autres concernant la nouvelle plate-forme de commande en ligne Vetpoint pour les v\u00e9t\u00e9rinaires. D&rsquo;autres questions ? Si vous n&rsquo;avez pas trouv\u00e9 de r\u00e9ponse \u00e0 votre question dans [&hellip;]<\/p>\n","protected":false},"author":1,"featured_media":0,"parent":0,"menu_order":0,"comment_status":"closed","ping_status":"closed","template":"page-no-title","meta":{"footnotes":""},"class_list":["post-729","page","type-page","status-publish","hentry"],"publishpress_future_action":{"enabled":false,"date":"2026-05-08 15:55:38","action":"change-status","newStatus":"draft","terms":[],"taxonomy":"translation_priority","extraData":[]},"publishpress_future_workflow_manual_trigger":{"enabledWorkflows":[]},"_links":{"self":[{"href":"https:\/\/www1.vetpoint.ch\/fr\/wp-json\/wp\/v2\/pages\/729","targetHints":{"allow":["GET"]}}],"collection":[{"href":"https:\/\/www1.vetpoint.ch\/fr\/wp-json\/wp\/v2\/pages"}],"about":[{"href":"https:\/\/www1.vetpoint.ch\/fr\/wp-json\/wp\/v2\/types\/page"}],"author":[{"embeddable":true,"href":"https:\/\/www1.vetpoint.ch\/fr\/wp-json\/wp\/v2\/users\/1"}],"replies":[{"embeddable":true,"href":"https:\/\/www1.vetpoint.ch\/fr\/wp-json\/wp\/v2\/comments?post=729"}],"version-history":[{"count":7,"href":"https:\/\/www1.vetpoint.ch\/fr\/wp-json\/wp\/v2\/pages\/729\/revisions"}],"predecessor-version":[{"id":826,"href":"https:\/\/www1.vetpoint.ch\/fr\/wp-json\/wp\/v2\/pages\/729\/revisions\/826"}],"wp:attachment":[{"href":"https:\/\/www1.vetpoint.ch\/fr\/wp-json\/wp\/v2\/media?parent=729"}],"curies":[{"name":"wp","href":"https:\/\/api.w.org\/{rel}","templated":true}]}}