{"id":207,"date":"2024-01-31T20:20:37","date_gmt":"2024-01-31T18:20:37","guid":{"rendered":"https:\/\/www1.vetpoint.ch\/page-daccueil-test\/"},"modified":"2025-10-10T07:31:44","modified_gmt":"2025-10-10T05:31:44","slug":"startseite","status":"publish","type":"page","link":"https:\/\/www1.vetpoint.ch\/fr\/","title":{"rendered":"Page d&rsquo;accueil"},"content":{"rendered":"\n<div style=\"height:28px\" aria-hidden=\"true\" class=\"wp-block-spacer\"><\/div>\n\n<div class=\"wp-block-group is-vertical is-nowrap is-layout-flex wp-container-core-group-is-layout-a7543abb wp-block-group-is-layout-flex\" style=\"padding-top:0;padding-bottom:var(--wp--preset--spacing--40)\">\n<h3 class=\"wp-block-heading has-custom-farbe-1-color has-text-color has-link-color wp-elements-c33563fba6e3db37e0cd6b892dbe89bf\">Toutes vos commandes &#8211; centralis\u00e9es en un seul endroit !<\/h3>\n\n\n\n<h4 class=\"wp-block-heading\">www.vetpoint.ch &#8211; La plate-forme de commande par Internet pour les v\u00e9t\u00e9rinaires.<\/h4>\n\n\n\n<p>Finies les commandes de m\u00e9dicaments v\u00e9t\u00e9rinaires fastidieuses et compliqu\u00e9es, qui n\u00e9cessitent de contacter individuellement chaque boutique en ligne ou service de commande des fabricants. Avec Vepoint, vous commandez tous vos besoins en m\u00e9dicaments v\u00e9t\u00e9rinaires, mat\u00e9riel de cabinet et aliments rapidement, facilement et efficacement. Jetez un coup d&rsquo;\u0153il &#8211; <a href=\"https:\/\/www1.vetpoint.ch\/fr\/enregistrer\/\" data-type=\"page\" data-id=\"921\">Inscrivez-vous maintenant \u00e0 Vetpoint<\/a>  <\/p>\n<\/div>\n\n<div class=\"wp-block-group is-vertical is-layout-flex wp-container-core-group-is-layout-3a78c621 wp-block-group-is-layout-flex\" style=\"margin-bottom:var(--wp--preset--spacing--40)\">\n<h3 class=\"wp-block-heading has-custom-farbe-1-color has-text-color has-link-color wp-elements-ed9bbe26513b328a9326c6c2b6570c12\">Vetpoint &#8211; voici vos avantages :<\/h3>\n\n\n\n<div class=\"wp-block-columns fullwidth is-layout-flex wp-container-core-columns-is-layout-28f84493 wp-block-columns-is-layout-flex\">\n<div class=\"wp-block-column is-layout-flow wp-block-column-is-layout-flow\" style=\"flex-basis:50%\">\n<ul class=\"wp-block-list\">\n<li>Une place de march\u00e9 \u00e9lectronique inter-fournisseurs pour toutes vos commandes, centralis\u00e9e sur un seul site web.<br\/><\/li>\n\n\n\n<li>Simplicit\u00e9 d&rsquo;utilisation : gagnez du temps et de l&rsquo;\u00e9nergie lors de vos commandes<br\/><\/li>\n\n\n\n<li>Le syst\u00e8me de commande unique vous offre une meilleure vue d&rsquo;ensemble de tous les produits v\u00e9t\u00e9rinaires disponibles sur le march\u00e9.<br\/><\/li>\n\n\n\n<li>Analyse des commandes : vous pouvez \u00e0 tout moment savoir ce que vous avez command\u00e9, en quelle quantit\u00e9, quand et aupr\u00e8s de quel fabricant en quelques clics de souris.<\/li>\n<\/ul>\n<\/div>\n\n\n\n<div class=\"wp-block-column is-layout-flow wp-block-column-is-layout-flow\" style=\"flex-basis:50%\">\n<ul class=\"wp-block-list\">\n<li>Fiches articles toujours \u00e0 jour et informations sur les actions et les promotions des diff\u00e9rents fournisseurs<br\/><\/li>\n\n\n\n<li>Le service de commande unique est gratuit pour les v\u00e9t\u00e9rinaires &#8211; aucune installation de logiciel n&rsquo;est n\u00e9cessaire.<br\/><\/li>\n\n\n\n<li>Vous avez le libre choix parmi les fournisseurs contractuels<br\/><\/li>\n\n\n\n<li>Vetpoint garantit une confidentialit\u00e9 absolue et le plus haut niveau possible de s\u00e9curit\u00e9 des donn\u00e9es.<\/li>\n<\/ul>\n<\/div>\n<\/div>\n\n\n\n<div class=\"wp-block-columns fullwidth is-layout-flex wp-container-core-columns-is-layout-28f84493 wp-block-columns-is-layout-flex\">\n<div class=\"wp-block-column is-layout-flow wp-block-column-is-layout-flow\">\n<div class=\"wp-block-buttons is-layout-flex wp-block-buttons-is-layout-flex\">\n<div class=\"wp-block-button is-style-fill\"><a class=\"wp-block-button__link has-base-2-color has-custom-farbe-1-background-color has-text-color has-background has-link-color has-border-color has-custom-farbe-1-border-color has-medium-font-size has-custom-font-size wp-element-button\" href=\"https:\/\/www.vetpoint.ch\/ecommerce\/control\/shop\" style=\"padding-right:var(--wp--preset--spacing--20);padding-left:var(--wp--preset--spacing--20)\">Webshop<\/a><\/div>\n<\/div>\n<\/div>\n\n\n\n<div class=\"wp-block-column is-layout-flow wp-block-column-is-layout-flow\">\n<div class=\"wp-block-buttons is-layout-flex wp-block-buttons-is-layout-flex\">\n<div class=\"wp-block-button is-style-fill\"><a class=\"wp-block-button__link has-base-2-color has-custom-farbe-1-background-color has-text-color has-background has-link-color has-border-color has-custom-farbe-1-border-color has-medium-font-size has-custom-font-size wp-element-button\" href=\"https:\/\/www1.vetpoint.ch\/fr\/enregistrer\/\" style=\"padding-right:var(--wp--preset--spacing--20);padding-left:var(--wp--preset--spacing--20)\">Inscription pour Vetpoint<\/a><\/div>\n<\/div>\n<\/div>\n<\/div>\n<\/div>\n\n<h4 class=\"wp-block-heading\">Vous trouverez \u00e9galement plus de d\u00e9tails dans le d\u00e9pliant.<\/h4>\n\n<p>Si vous avez des questions suppl\u00e9mentaires que vous n&rsquo;avez pas encore trouv\u00e9es dans la rubrique FAQ (questions fr\u00e9quemment pos\u00e9es), n&rsquo;h\u00e9sitez pas \u00e0 nous contacter par <a href=\"mailto:faq@vetpoint.ch\" data-type=\"mailto\" data-id=\"mailto:faq@vetpoint.ch\">e-mail<\/a>.<\/p>\n","protected":false},"excerpt":{"rendered":"<p>Toutes vos commandes &#8211; centralis\u00e9es en un seul endroit ! www.vetpoint.ch &#8211; La plate-forme de commande par Internet pour les v\u00e9t\u00e9rinaires. Finies les commandes de m\u00e9dicaments v\u00e9t\u00e9rinaires fastidieuses et compliqu\u00e9es, qui n\u00e9cessitent de contacter individuellement chaque boutique en ligne ou service de commande des fabricants. Avec Vepoint, vous commandez tous vos besoins en m\u00e9dicaments v\u00e9t\u00e9rinaires, [&hellip;]<\/p>\n","protected":false},"author":1,"featured_media":0,"parent":0,"menu_order":0,"comment_status":"closed","ping_status":"closed","template":"page-with-sidebar","meta":{"footnotes":""},"class_list":["post-207","page","type-page","status-publish","hentry"],"publishpress_future_action":{"enabled":false,"date":"2026-05-06 22:59:32","action":"change-status","newStatus":"draft","terms":[],"taxonomy":"translation_priority","extraData":[]},"publishpress_future_workflow_manual_trigger":{"enabledWorkflows":[]},"_links":{"self":[{"href":"https:\/\/www1.vetpoint.ch\/fr\/wp-json\/wp\/v2\/pages\/207","targetHints":{"allow":["GET"]}}],"collection":[{"href":"https:\/\/www1.vetpoint.ch\/fr\/wp-json\/wp\/v2\/pages"}],"about":[{"href":"https:\/\/www1.vetpoint.ch\/fr\/wp-json\/wp\/v2\/types\/page"}],"author":[{"embeddable":true,"href":"https:\/\/www1.vetpoint.ch\/fr\/wp-json\/wp\/v2\/users\/1"}],"replies":[{"embeddable":true,"href":"https:\/\/www1.vetpoint.ch\/fr\/wp-json\/wp\/v2\/comments?post=207"}],"version-history":[{"count":41,"href":"https:\/\/www1.vetpoint.ch\/fr\/wp-json\/wp\/v2\/pages\/207\/revisions"}],"predecessor-version":[{"id":1918,"href":"https:\/\/www1.vetpoint.ch\/fr\/wp-json\/wp\/v2\/pages\/207\/revisions\/1918"}],"wp:attachment":[{"href":"https:\/\/www1.vetpoint.ch\/fr\/wp-json\/wp\/v2\/media?parent=207"}],"curies":[{"name":"wp","href":"https:\/\/api.w.org\/{rel}","templated":true}]}}